{"id":10,"date":"2019-11-18T12:46:58","date_gmt":"2019-11-18T15:46:58","guid":{"rendered":"http:\/\/dev.link\/?page_id=10"},"modified":"2020-03-13T15:33:18","modified_gmt":"2020-03-13T18:33:18","slug":"seja-um-parceiro","status":"publish","type":"page","link":"https:\/\/www.linkcertificacao.com.br\/novo\/contato\/seja-um-parceiro\/","title":{"rendered":"Seja um Parceiro"},"content":{"rendered":"","protected":false},"excerpt":{"rendered":"<p> [&#8230;]<\/p>\n<p><a class=\"btn btn-secondary understrap-read-more-link\" href=\"https:\/\/www.linkcertificacao.com.br\/novo\/contato\/seja-um-parceiro\/\">Leia mais&#8230;<\/a><\/p>\n","protected":false},"author":1,"featured_media":3506,"parent":3394,"menu_order":0,"comment_status":"closed","ping_status":"closed","template":"templates-pages\/template-contatoSejaUmParceiro.php","meta":[],"yoast_head":"<!-- This site is optimized with the Yoast SEO plugin v16.1.1 - https:\/\/yoast.com\/wordpress\/plugins\/seo\/ -->\n<title>Seja um parceiro da Link | Link Certificado Digital<\/title>\n<meta name=\"description\" content=\"Temos uma proposta flex\u00edvel para atender as suas necessidades, seja para agregar valor ao seu neg\u00f3cio ou proporcionar sua entrada em um mercado em constante expans\u00e3o.\" \/>\n<link rel=\"canonical\" href=\"https:\/\/www.linkcertificacao.com.br\/novo\/contato\/seja-um-parceiro\/\" \/>\n<meta property=\"og:locale\" content=\"pt_BR\" \/>\n<meta property=\"og:type\" content=\"article\" \/>\n<meta property=\"og:title\" content=\"Seja um parceiro da Link | Link Certificado Digital\" \/>\n<meta property=\"og:description\" content=\"Temos uma proposta flex\u00edvel para atender as suas necessidades, seja para agregar valor ao seu neg\u00f3cio ou proporcionar sua entrada em um mercado em constante expans\u00e3o.\" \/>\n<meta property=\"og:url\" content=\"https:\/\/www.linkcertificacao.com.br\/novo\/contato\/seja-um-parceiro\/\" \/>\n<meta property=\"og:site_name\" content=\"Link Certifica\u00e7\u00e3o Digital\" \/>\n<meta property=\"article:publisher\" content=\"https:\/\/www.facebook.com\/linkcertificacao\" \/>\n<meta property=\"article:modified_time\" content=\"2020-03-13T18:33:18+00:00\" \/>\n<meta property=\"og:image\" content=\"https:\/\/www.linkcertificacao.com.br\/novo\/wp-content\/uploads\/2020\/03\/businessman-typing-on-keyboard-closeup-DN25LJK-1-min.jpg\" \/>\n\t<meta property=\"og:image:width\" content=\"1440\" \/>\n\t<meta property=\"og:image:height\" content=\"466\" \/>\n<meta name=\"twitter:card\" content=\"summary_large_image\" \/>\n<meta name=\"twitter:site\" content=\"@linkcertificado\" \/>\n<script type=\"application\/ld+json\" class=\"yoast-schema-graph\">{\"@context\":\"https:\/\/schema.org\",\"@graph\":[{\"@type\":\"WebSite\",\"@id\":\"https:\/\/www.linkcertificacao.com.br\/novo\/#website\",\"url\":\"https:\/\/www.linkcertificacao.com.br\/novo\/\",\"name\":\"Link Certifica\\u00e7\\u00e3o Digital\",\"description\":\"Seu Certificado Digital com uma das maiores Autoridades Certificadoras do pa\\u00eds\",\"potentialAction\":[{\"@type\":\"SearchAction\",\"target\":\"https:\/\/www.linkcertificacao.com.br\/novo\/?s={search_term_string}\",\"query-input\":\"required name=search_term_string\"}],\"inLanguage\":\"pt-BR\"},{\"@type\":\"ImageObject\",\"@id\":\"https:\/\/www.linkcertificacao.com.br\/novo\/contato\/seja-um-parceiro\/#primaryimage\",\"inLanguage\":\"pt-BR\",\"url\":\"https:\/\/www.linkcertificacao.com.br\/novo\/wp-content\/uploads\/2020\/03\/businessman-typing-on-keyboard-closeup-DN25LJK-1-min.jpg\",\"contentUrl\":\"https:\/\/www.linkcertificacao.com.br\/novo\/wp-content\/uploads\/2020\/03\/businessman-typing-on-keyboard-closeup-DN25LJK-1-min.jpg\",\"width\":1440,\"height\":466},{\"@type\":\"WebPage\",\"@id\":\"https:\/\/www.linkcertificacao.com.br\/novo\/contato\/seja-um-parceiro\/#webpage\",\"url\":\"https:\/\/www.linkcertificacao.com.br\/novo\/contato\/seja-um-parceiro\/\",\"name\":\"Seja um parceiro da Link | Link Certificado Digital\",\"isPartOf\":{\"@id\":\"https:\/\/www.linkcertificacao.com.br\/novo\/#website\"},\"primaryImageOfPage\":{\"@id\":\"https:\/\/www.linkcertificacao.com.br\/novo\/contato\/seja-um-parceiro\/#primaryimage\"},\"datePublished\":\"2019-11-18T15:46:58+00:00\",\"dateModified\":\"2020-03-13T18:33:18+00:00\",\"description\":\"Temos uma proposta flex\\u00edvel para atender as suas necessidades, seja para agregar valor ao seu neg\\u00f3cio ou proporcionar sua entrada em um mercado em constante expans\\u00e3o.\",\"breadcrumb\":{\"@id\":\"https:\/\/www.linkcertificacao.com.br\/novo\/contato\/seja-um-parceiro\/#breadcrumb\"},\"inLanguage\":\"pt-BR\",\"potentialAction\":[{\"@type\":\"ReadAction\",\"target\":[\"https:\/\/www.linkcertificacao.com.br\/novo\/contato\/seja-um-parceiro\/\"]}]},{\"@type\":\"BreadcrumbList\",\"@id\":\"https:\/\/www.linkcertificacao.com.br\/novo\/contato\/seja-um-parceiro\/#breadcrumb\",\"itemListElement\":[{\"@type\":\"ListItem\",\"position\":1,\"item\":{\"@type\":\"WebPage\",\"@id\":\"https:\/\/www.linkcertificacao.com.br\/novo\/\",\"url\":\"https:\/\/www.linkcertificacao.com.br\/novo\/\",\"name\":\"In\\u00edcio\"}},{\"@type\":\"ListItem\",\"position\":2,\"item\":{\"@type\":\"WebPage\",\"@id\":\"https:\/\/www.linkcertificacao.com.br\/novo\/contato\/\",\"url\":\"https:\/\/www.linkcertificacao.com.br\/novo\/contato\/\",\"name\":\"Contato\"}},{\"@type\":\"ListItem\",\"position\":3,\"item\":{\"@type\":\"WebPage\",\"@id\":\"https:\/\/www.linkcertificacao.com.br\/novo\/contato\/seja-um-parceiro\/\",\"url\":\"https:\/\/www.linkcertificacao.com.br\/novo\/contato\/seja-um-parceiro\/\",\"name\":\"Seja um Parceiro\"}}]}]}<\/script>\n<!-- \/ Yoast SEO plugin. -->","_links":{"self":[{"href":"https:\/\/www.linkcertificacao.com.br\/novo\/wp-json\/wp\/v2\/pages\/10"}],"collection":[{"href":"https:\/\/www.linkcertificacao.com.br\/novo\/wp-json\/wp\/v2\/pages"}],"about":[{"href":"https:\/\/www.linkcertificacao.com.br\/novo\/wp-json\/wp\/v2\/types\/page"}],"author":[{"embeddable":true,"href":"https:\/\/www.linkcertificacao.com.br\/novo\/wp-json\/wp\/v2\/users\/1"}],"replies":[{"embeddable":true,"href":"https:\/\/www.linkcertificacao.com.br\/novo\/wp-json\/wp\/v2\/comments?post=10"}],"version-history":[{"count":7,"href":"https:\/\/www.linkcertificacao.com.br\/novo\/wp-json\/wp\/v2\/pages\/10\/revisions"}],"predecessor-version":[{"id":5275,"href":"https:\/\/www.linkcertificacao.com.br\/novo\/wp-json\/wp\/v2\/pages\/10\/revisions\/5275"}],"up":[{"embeddable":true,"href":"https:\/\/www.linkcertificacao.com.br\/novo\/wp-json\/wp\/v2\/pages\/3394"}],"wp:featuredmedia":[{"embeddable":true,"href":"https:\/\/www.linkcertificacao.com.br\/novo\/wp-json\/wp\/v2\/media\/3506"}],"wp:attachment":[{"href":"https:\/\/www.linkcertificacao.com.br\/novo\/wp-json\/wp\/v2\/media?parent=10"}],"curies":[{"name":"wp","href":"https:\/\/api.w.org\/{rel}","templated":true}]}}