{"id":18,"date":"2019-11-18T12:48:15","date_gmt":"2019-11-18T14:48:15","guid":{"rendered":"http:\/\/dev.link\/?page_id=18"},"modified":"2021-04-20T15:59:14","modified_gmt":"2021-04-20T18:59:14","slug":"home","status":"publish","type":"page","link":"https:\/\/www.linkcertificacao.com.br\/novo\/","title":{"rendered":"Home"},"content":{"rendered":"","protected":false},"excerpt":{"rendered":"<p> [&#8230;]<\/p>\n<p><a class=\"btn btn-secondary understrap-read-more-link\" href=\"https:\/\/www.linkcertificacao.com.br\/novo\/\">Leia mais&#8230;<\/a><\/p>\n","protected":false},"author":1,"featured_media":0,"parent":0,"menu_order":0,"comment_status":"closed","ping_status":"closed","template":"templates-pages\/template-home.php","meta":[],"yoast_head":"<!-- This site is optimized with the Yoast SEO plugin v16.1.1 - https:\/\/yoast.com\/wordpress\/plugins\/seo\/ -->\n<title>Link Certificado Digital - Compre ou renove o seu Certificado Digital<\/title>\n<meta name=\"description\" content=\"Certificado Digital \u00e9 a sua identidade em meio eletr\u00f4nico. Sendo poss\u00edvel assinar documentos digitalmente com validade jur\u00eddica.\" \/>\n<link rel=\"canonical\" href=\"https:\/\/www.linkcertificacao.com.br\/novo\/\" \/>\n<meta property=\"og:locale\" content=\"pt_BR\" \/>\n<meta property=\"og:type\" content=\"article\" \/>\n<meta property=\"og:title\" content=\"Link Certificado Digital - Compre ou renove o seu Certificado Digital\" \/>\n<meta property=\"og:description\" content=\"Certificado Digital \u00e9 a sua identidade em meio eletr\u00f4nico. Sendo poss\u00edvel assinar documentos digitalmente com validade jur\u00eddica.\" \/>\n<meta property=\"og:url\" content=\"https:\/\/www.linkcertificacao.com.br\/novo\/\" \/>\n<meta property=\"og:site_name\" content=\"Link Certifica\u00e7\u00e3o Digital\" \/>\n<meta property=\"article:publisher\" content=\"https:\/\/www.facebook.com\/linkcertificacao\" \/>\n<meta property=\"article:modified_time\" content=\"2021-04-20T18:59:14+00:00\" \/>\n<meta name=\"twitter:card\" content=\"summary_large_image\" \/>\n<meta name=\"twitter:site\" content=\"@linkcertificado\" \/>\n<script type=\"application\/ld+json\" class=\"yoast-schema-graph\">{\"@context\":\"https:\/\/schema.org\",\"@graph\":[{\"@type\":\"WebSite\",\"@id\":\"https:\/\/www.linkcertificacao.com.br\/novo\/#website\",\"url\":\"https:\/\/www.linkcertificacao.com.br\/novo\/\",\"name\":\"Link Certifica\\u00e7\\u00e3o Digital\",\"description\":\"Seu Certificado Digital com uma das maiores Autoridades Certificadoras do pa\\u00eds\",\"potentialAction\":[{\"@type\":\"SearchAction\",\"target\":\"https:\/\/www.linkcertificacao.com.br\/novo\/?s={search_term_string}\",\"query-input\":\"required name=search_term_string\"}],\"inLanguage\":\"pt-BR\"},{\"@type\":\"WebPage\",\"@id\":\"https:\/\/www.linkcertificacao.com.br\/novo\/#webpage\",\"url\":\"https:\/\/www.linkcertificacao.com.br\/novo\/\",\"name\":\"Link Certificado Digital - Compre ou renove o seu Certificado Digital\",\"isPartOf\":{\"@id\":\"https:\/\/www.linkcertificacao.com.br\/novo\/#website\"},\"datePublished\":\"2019-11-18T14:48:15+00:00\",\"dateModified\":\"2021-04-20T18:59:14+00:00\",\"description\":\"Certificado Digital \\u00e9 a sua identidade em meio eletr\\u00f4nico. Sendo poss\\u00edvel assinar documentos digitalmente com validade jur\\u00eddica.\",\"breadcrumb\":{\"@id\":\"https:\/\/www.linkcertificacao.com.br\/novo\/#breadcrumb\"},\"inLanguage\":\"pt-BR\",\"potentialAction\":[{\"@type\":\"ReadAction\",\"target\":[\"https:\/\/www.linkcertificacao.com.br\/novo\/\"]}]},{\"@type\":\"BreadcrumbList\",\"@id\":\"https:\/\/www.linkcertificacao.com.br\/novo\/#breadcrumb\",\"itemListElement\":[{\"@type\":\"ListItem\",\"position\":1,\"item\":{\"@type\":\"WebPage\",\"@id\":\"https:\/\/www.linkcertificacao.com.br\/novo\/\",\"url\":\"https:\/\/www.linkcertificacao.com.br\/novo\/\",\"name\":\"In\\u00edcio\"}},{\"@type\":\"ListItem\",\"position\":2,\"item\":{\"@type\":\"WebPage\",\"@id\":\"https:\/\/www.linkcertificacao.com.br\/novo\/\",\"url\":\"https:\/\/www.linkcertificacao.com.br\/novo\/\",\"name\":\"Home\"}}]}]}<\/script>\n<!-- \/ Yoast SEO plugin. -->","_links":{"self":[{"href":"https:\/\/www.linkcertificacao.com.br\/novo\/wp-json\/wp\/v2\/pages\/18"}],"collection":[{"href":"https:\/\/www.linkcertificacao.com.br\/novo\/wp-json\/wp\/v2\/pages"}],"about":[{"href":"https:\/\/www.linkcertificacao.com.br\/novo\/wp-json\/wp\/v2\/types\/page"}],"author":[{"embeddable":true,"href":"https:\/\/www.linkcertificacao.com.br\/novo\/wp-json\/wp\/v2\/users\/1"}],"replies":[{"embeddable":true,"href":"https:\/\/www.linkcertificacao.com.br\/novo\/wp-json\/wp\/v2\/comments?post=18"}],"version-history":[{"count":101,"href":"https:\/\/www.linkcertificacao.com.br\/novo\/wp-json\/wp\/v2\/pages\/18\/revisions"}],"predecessor-version":[{"id":11375,"href":"https:\/\/www.linkcertificacao.com.br\/novo\/wp-json\/wp\/v2\/pages\/18\/revisions\/11375"}],"wp:attachment":[{"href":"https:\/\/www.linkcertificacao.com.br\/novo\/wp-json\/wp\/v2\/media?parent=18"}],"curies":[{"name":"wp","href":"https:\/\/api.w.org\/{rel}","templated":true}]}}