{"id":22,"date":"2019-11-18T12:48:52","date_gmt":"2019-11-18T14:48:52","guid":{"rendered":"http:\/\/dev.link\/?page_id=22"},"modified":"2020-08-06T13:45:50","modified_gmt":"2020-08-06T16:45:50","slug":"blog","status":"publish","type":"page","link":"https:\/\/www.linkcertificacao.com.br\/novo\/blog\/","title":{"rendered":"Blog"},"content":{"rendered":"","protected":false},"excerpt":{"rendered":"<p> [&#8230;]<\/p>\n<p><a class=\"btn btn-secondary understrap-read-more-link\" href=\"https:\/\/www.linkcertificacao.com.br\/novo\/blog\/\">Leia mais&#8230;<\/a><\/p>\n","protected":false},"author":1,"featured_media":255,"parent":0,"menu_order":0,"comment_status":"closed","ping_status":"closed","template":"templates-pages\/template-institucionalBlog.php","meta":[],"yoast_head":"<!-- This site is optimized with the Yoast SEO plugin v16.1.1 - https:\/\/yoast.com\/wordpress\/plugins\/seo\/ -->\n<title>Confira as novidades sobre certifica\u00e7\u00e3o digital | Link Certificado Digital<\/title>\n<meta name=\"description\" content=\"No blog da Link Certifica\u00e7\u00e3o Digital voc\u00ea confere todas as novidades sobre o mercado de certifica\u00e7\u00e3o digital.\" \/>\n<link rel=\"canonical\" href=\"https:\/\/www.linkcertificacao.com.br\/novo\/blog\/\" \/>\n<meta property=\"og:locale\" content=\"pt_BR\" \/>\n<meta property=\"og:type\" content=\"article\" \/>\n<meta property=\"og:title\" content=\"Confira as novidades sobre certifica\u00e7\u00e3o digital | Link Certificado Digital\" \/>\n<meta property=\"og:description\" content=\"No blog da Link Certifica\u00e7\u00e3o Digital voc\u00ea confere todas as novidades sobre o mercado de certifica\u00e7\u00e3o digital.\" \/>\n<meta property=\"og:url\" content=\"https:\/\/www.linkcertificacao.com.br\/novo\/blog\/\" \/>\n<meta property=\"og:site_name\" content=\"Link Certifica\u00e7\u00e3o Digital\" \/>\n<meta property=\"article:publisher\" content=\"https:\/\/www.facebook.com\/linkcertificacao\" \/>\n<meta property=\"article:modified_time\" content=\"2020-08-06T16:45:50+00:00\" \/>\n<meta property=\"og:image\" content=\"https:\/\/www.linkcertificacao.com.br\/novo\/wp-content\/uploads\/2020\/02\/businessman-typing-on-keyboard-closeup-DN25LJK-1-min.jpg\" \/>\n\t<meta property=\"og:image:width\" content=\"1440\" \/>\n\t<meta property=\"og:image:height\" content=\"466\" \/>\n<meta name=\"twitter:card\" content=\"summary_large_image\" \/>\n<meta name=\"twitter:site\" content=\"@linkcertificado\" \/>\n<script type=\"application\/ld+json\" class=\"yoast-schema-graph\">{\"@context\":\"https:\/\/schema.org\",\"@graph\":[{\"@type\":\"WebSite\",\"@id\":\"https:\/\/www.linkcertificacao.com.br\/novo\/#website\",\"url\":\"https:\/\/www.linkcertificacao.com.br\/novo\/\",\"name\":\"Link Certifica\\u00e7\\u00e3o Digital\",\"description\":\"Seu Certificado Digital com uma das maiores Autoridades Certificadoras do pa\\u00eds\",\"potentialAction\":[{\"@type\":\"SearchAction\",\"target\":\"https:\/\/www.linkcertificacao.com.br\/novo\/?s={search_term_string}\",\"query-input\":\"required name=search_term_string\"}],\"inLanguage\":\"pt-BR\"},{\"@type\":\"ImageObject\",\"@id\":\"https:\/\/www.linkcertificacao.com.br\/novo\/blog\/#primaryimage\",\"inLanguage\":\"pt-BR\",\"url\":\"https:\/\/www.linkcertificacao.com.br\/novo\/wp-content\/uploads\/2020\/02\/businessman-typing-on-keyboard-closeup-DN25LJK-1-min.jpg\",\"contentUrl\":\"https:\/\/www.linkcertificacao.com.br\/novo\/wp-content\/uploads\/2020\/02\/businessman-typing-on-keyboard-closeup-DN25LJK-1-min.jpg\",\"width\":1440,\"height\":466},{\"@type\":\"WebPage\",\"@id\":\"https:\/\/www.linkcertificacao.com.br\/novo\/blog\/#webpage\",\"url\":\"https:\/\/www.linkcertificacao.com.br\/novo\/blog\/\",\"name\":\"Confira as novidades sobre certifica\\u00e7\\u00e3o digital | Link Certificado Digital\",\"isPartOf\":{\"@id\":\"https:\/\/www.linkcertificacao.com.br\/novo\/#website\"},\"primaryImageOfPage\":{\"@id\":\"https:\/\/www.linkcertificacao.com.br\/novo\/blog\/#primaryimage\"},\"datePublished\":\"2019-11-18T14:48:52+00:00\",\"dateModified\":\"2020-08-06T16:45:50+00:00\",\"description\":\"No blog da Link Certifica\\u00e7\\u00e3o Digital voc\\u00ea confere todas as novidades sobre o mercado de certifica\\u00e7\\u00e3o digital.\",\"breadcrumb\":{\"@id\":\"https:\/\/www.linkcertificacao.com.br\/novo\/blog\/#breadcrumb\"},\"inLanguage\":\"pt-BR\",\"potentialAction\":[{\"@type\":\"ReadAction\",\"target\":[\"https:\/\/www.linkcertificacao.com.br\/novo\/blog\/\"]}]},{\"@type\":\"BreadcrumbList\",\"@id\":\"https:\/\/www.linkcertificacao.com.br\/novo\/blog\/#breadcrumb\",\"itemListElement\":[{\"@type\":\"ListItem\",\"position\":1,\"item\":{\"@type\":\"WebPage\",\"@id\":\"https:\/\/www.linkcertificacao.com.br\/novo\/\",\"url\":\"https:\/\/www.linkcertificacao.com.br\/novo\/\",\"name\":\"In\\u00edcio\"}},{\"@type\":\"ListItem\",\"position\":2,\"item\":{\"@type\":\"WebPage\",\"@id\":\"https:\/\/www.linkcertificacao.com.br\/novo\/blog\/\",\"url\":\"https:\/\/www.linkcertificacao.com.br\/novo\/blog\/\",\"name\":\"Blog\"}}]}]}<\/script>\n<!-- \/ Yoast SEO plugin. -->","_links":{"self":[{"href":"https:\/\/www.linkcertificacao.com.br\/novo\/wp-json\/wp\/v2\/pages\/22"}],"collection":[{"href":"https:\/\/www.linkcertificacao.com.br\/novo\/wp-json\/wp\/v2\/pages"}],"about":[{"href":"https:\/\/www.linkcertificacao.com.br\/novo\/wp-json\/wp\/v2\/types\/page"}],"author":[{"embeddable":true,"href":"https:\/\/www.linkcertificacao.com.br\/novo\/wp-json\/wp\/v2\/users\/1"}],"replies":[{"embeddable":true,"href":"https:\/\/www.linkcertificacao.com.br\/novo\/wp-json\/wp\/v2\/comments?post=22"}],"version-history":[{"count":1,"href":"https:\/\/www.linkcertificacao.com.br\/novo\/wp-json\/wp\/v2\/pages\/22\/revisions"}],"predecessor-version":[{"id":23,"href":"https:\/\/www.linkcertificacao.com.br\/novo\/wp-json\/wp\/v2\/pages\/22\/revisions\/23"}],"wp:featuredmedia":[{"embeddable":true,"href":"https:\/\/www.linkcertificacao.com.br\/novo\/wp-json\/wp\/v2\/media\/255"}],"wp:attachment":[{"href":"https:\/\/www.linkcertificacao.com.br\/novo\/wp-json\/wp\/v2\/media?parent=22"}],"curies":[{"name":"wp","href":"https:\/\/api.w.org\/{rel}","templated":true}]}}