{"id":34,"date":"2019-11-18T12:51:23","date_gmt":"2019-11-18T14:51:23","guid":{"rendered":"http:\/\/dev.link\/?page_id=34"},"modified":"2020-03-27T18:43:06","modified_gmt":"2020-03-27T21:43:06","slug":"conhecimento-de-transporte","status":"publish","type":"page","link":"https:\/\/www.linkcertificacao.com.br\/novo\/conhecimento-de-transporte\/","title":{"rendered":"Conhecimento de Transporte"},"content":{"rendered":"<h2>Conhe\u00e7a nossos planos<\/h2>\n","protected":false},"excerpt":{"rendered":"<p>Conhe\u00e7a nossos planos [&#8230;]<\/p>\n<p><a class=\"btn btn-secondary understrap-read-more-link\" href=\"https:\/\/www.linkcertificacao.com.br\/novo\/conhecimento-de-transporte\/\">Leia mais&#8230;<\/a><\/p>\n","protected":false},"author":1,"featured_media":3619,"parent":0,"menu_order":0,"comment_status":"closed","ping_status":"closed","template":"templates-pages\/template-produtosAssinadorLink.php","meta":[],"yoast_head":"<!-- This site is optimized with the Yoast SEO plugin v16.1.1 - https:\/\/yoast.com\/wordpress\/plugins\/seo\/ -->\n<title>Conhecimento de Transporte Eletr\u00f4nico (CT-e) | Link Certificado Digital<\/title>\n<meta name=\"description\" content=\"Com o Conhecimento de Transporte Eletr\u00f4nico (CT-e) Link, voc\u00ea consegue eliminar erros de digita\u00e7\u00e3o, calcular impostos, reduzir custos e o tempo de emiss\u00e3o.\" \/>\n<link rel=\"canonical\" href=\"https:\/\/www.linkcertificacao.com.br\/novo\/conhecimento-de-transporte\/\" \/>\n<meta property=\"og:locale\" content=\"pt_BR\" \/>\n<meta property=\"og:type\" content=\"article\" \/>\n<meta property=\"og:title\" content=\"Conhecimento de Transporte Eletr\u00f4nico (CT-e) | Link Certificado Digital\" \/>\n<meta property=\"og:description\" content=\"Com o Conhecimento de Transporte Eletr\u00f4nico (CT-e) Link, voc\u00ea consegue eliminar erros de digita\u00e7\u00e3o, calcular impostos, reduzir custos e o tempo de emiss\u00e3o.\" \/>\n<meta property=\"og:url\" content=\"https:\/\/www.linkcertificacao.com.br\/novo\/conhecimento-de-transporte\/\" \/>\n<meta property=\"og:site_name\" content=\"Link Certifica\u00e7\u00e3o Digital\" \/>\n<meta property=\"article:publisher\" content=\"https:\/\/www.facebook.com\/linkcertificacao\" \/>\n<meta property=\"article:modified_time\" content=\"2020-03-27T21:43:06+00:00\" \/>\n<meta property=\"og:image\" content=\"https:\/\/www.linkcertificacao.com.br\/novo\/wp-content\/uploads\/2020\/03\/emissor_nota_fiscal_cte_link_certificacoes.jpg\" \/>\n\t<meta property=\"og:image:width\" content=\"1440\" \/>\n\t<meta property=\"og:image:height\" content=\"466\" \/>\n<meta name=\"twitter:card\" content=\"summary_large_image\" \/>\n<meta name=\"twitter:site\" content=\"@linkcertificado\" \/>\n<script type=\"application\/ld+json\" class=\"yoast-schema-graph\">{\"@context\":\"https:\/\/schema.org\",\"@graph\":[{\"@type\":\"WebSite\",\"@id\":\"https:\/\/www.linkcertificacao.com.br\/novo\/#website\",\"url\":\"https:\/\/www.linkcertificacao.com.br\/novo\/\",\"name\":\"Link Certifica\\u00e7\\u00e3o Digital\",\"description\":\"Seu Certificado Digital com uma das maiores Autoridades Certificadoras do pa\\u00eds\",\"potentialAction\":[{\"@type\":\"SearchAction\",\"target\":\"https:\/\/www.linkcertificacao.com.br\/novo\/?s={search_term_string}\",\"query-input\":\"required name=search_term_string\"}],\"inLanguage\":\"pt-BR\"},{\"@type\":\"ImageObject\",\"@id\":\"https:\/\/www.linkcertificacao.com.br\/novo\/conhecimento-de-transporte\/#primaryimage\",\"inLanguage\":\"pt-BR\",\"url\":\"https:\/\/www.linkcertificacao.com.br\/novo\/wp-content\/uploads\/2020\/03\/emissor_nota_fiscal_cte_link_certificacoes.jpg\",\"contentUrl\":\"https:\/\/www.linkcertificacao.com.br\/novo\/wp-content\/uploads\/2020\/03\/emissor_nota_fiscal_cte_link_certificacoes.jpg\",\"width\":1440,\"height\":466},{\"@type\":\"WebPage\",\"@id\":\"https:\/\/www.linkcertificacao.com.br\/novo\/conhecimento-de-transporte\/#webpage\",\"url\":\"https:\/\/www.linkcertificacao.com.br\/novo\/conhecimento-de-transporte\/\",\"name\":\"Conhecimento de Transporte Eletr\\u00f4nico (CT-e) | Link Certificado Digital\",\"isPartOf\":{\"@id\":\"https:\/\/www.linkcertificacao.com.br\/novo\/#website\"},\"primaryImageOfPage\":{\"@id\":\"https:\/\/www.linkcertificacao.com.br\/novo\/conhecimento-de-transporte\/#primaryimage\"},\"datePublished\":\"2019-11-18T14:51:23+00:00\",\"dateModified\":\"2020-03-27T21:43:06+00:00\",\"description\":\"Com o Conhecimento de Transporte Eletr\\u00f4nico (CT-e) Link, voc\\u00ea consegue eliminar erros de digita\\u00e7\\u00e3o, calcular impostos, reduzir custos e o tempo de emiss\\u00e3o.\",\"breadcrumb\":{\"@id\":\"https:\/\/www.linkcertificacao.com.br\/novo\/conhecimento-de-transporte\/#breadcrumb\"},\"inLanguage\":\"pt-BR\",\"potentialAction\":[{\"@type\":\"ReadAction\",\"target\":[\"https:\/\/www.linkcertificacao.com.br\/novo\/conhecimento-de-transporte\/\"]}]},{\"@type\":\"BreadcrumbList\",\"@id\":\"https:\/\/www.linkcertificacao.com.br\/novo\/conhecimento-de-transporte\/#breadcrumb\",\"itemListElement\":[{\"@type\":\"ListItem\",\"position\":1,\"item\":{\"@type\":\"WebPage\",\"@id\":\"https:\/\/www.linkcertificacao.com.br\/novo\/\",\"url\":\"https:\/\/www.linkcertificacao.com.br\/novo\/\",\"name\":\"In\\u00edcio\"}},{\"@type\":\"ListItem\",\"position\":2,\"item\":{\"@type\":\"WebPage\",\"@id\":\"https:\/\/www.linkcertificacao.com.br\/novo\/conhecimento-de-transporte\/\",\"url\":\"https:\/\/www.linkcertificacao.com.br\/novo\/conhecimento-de-transporte\/\",\"name\":\"Conhecimento de Transporte\"}}]}]}<\/script>\n<!-- \/ Yoast SEO plugin. -->","_links":{"self":[{"href":"https:\/\/www.linkcertificacao.com.br\/novo\/wp-json\/wp\/v2\/pages\/34"}],"collection":[{"href":"https:\/\/www.linkcertificacao.com.br\/novo\/wp-json\/wp\/v2\/pages"}],"about":[{"href":"https:\/\/www.linkcertificacao.com.br\/novo\/wp-json\/wp\/v2\/types\/page"}],"author":[{"embeddable":true,"href":"https:\/\/www.linkcertificacao.com.br\/novo\/wp-json\/wp\/v2\/users\/1"}],"replies":[{"embeddable":true,"href":"https:\/\/www.linkcertificacao.com.br\/novo\/wp-json\/wp\/v2\/comments?post=34"}],"version-history":[{"count":18,"href":"https:\/\/www.linkcertificacao.com.br\/novo\/wp-json\/wp\/v2\/pages\/34\/revisions"}],"predecessor-version":[{"id":5437,"href":"https:\/\/www.linkcertificacao.com.br\/novo\/wp-json\/wp\/v2\/pages\/34\/revisions\/5437"}],"wp:featuredmedia":[{"embeddable":true,"href":"https:\/\/www.linkcertificacao.com.br\/novo\/wp-json\/wp\/v2\/media\/3619"}],"wp:attachment":[{"href":"https:\/\/www.linkcertificacao.com.br\/novo\/wp-json\/wp\/v2\/media?parent=34"}],"curies":[{"name":"wp","href":"https:\/\/api.w.org\/{rel}","templated":true}]}}