{"id":36,"date":"2019-11-18T12:52:17","date_gmt":"2019-11-18T14:52:17","guid":{"rendered":"http:\/\/dev.link\/?page_id=36"},"modified":"2020-05-19T17:12:08","modified_gmt":"2020-05-19T20:12:08","slug":"emissor-nf-e-importacao","status":"publish","type":"page","link":"https:\/\/www.linkcertificacao.com.br\/novo\/emissor-nf-e-importacao\/","title":{"rendered":"Emissor NF-e Importa\u00e7\u00e3o"},"content":{"rendered":"<h2>A seguran\u00e7a que voc\u00ea precisa em transa\u00e7\u00f5es online<\/h2>\n<p style=\"text-align: left;\">Com o Emissor de Nota Fiscal de Importa\u00e7\u00e3o Link, sua empresa ter\u00e1 muito mais seguran\u00e7a para calcular e emitir as notas fiscais de entrada de produtos importados, garantindo a correta integra\u00e7\u00e3o dos custos no estoque e ou controles gerenciais.<\/p>\n","protected":false},"excerpt":{"rendered":"<p>A seguran\u00e7a que voc\u00ea precisa em transa\u00e7\u00f5es online Com o Emissor de Nota Fiscal de Importa\u00e7\u00e3o Link, sua empresa ter\u00e1 muito mais seguran\u00e7a para calcular e emitir as notas fiscais de entrada de produtos importados, garantindo a correta integra\u00e7\u00e3o dos custos no estoque e ou controles gerenciais. [&#8230;]<\/p>\n<p><a class=\"btn btn-secondary understrap-read-more-link\" href=\"https:\/\/www.linkcertificacao.com.br\/novo\/emissor-nf-e-importacao\/\">Leia mais&#8230;<\/a><\/p>\n","protected":false},"author":1,"featured_media":3599,"parent":0,"menu_order":0,"comment_status":"closed","ping_status":"closed","template":"templates-pages\/template-produtosAssinadorLink.php","meta":[],"yoast_head":"<!-- This site is optimized with the Yoast SEO plugin v16.1.1 - https:\/\/yoast.com\/wordpress\/plugins\/seo\/ -->\n<title>Emissor NF-E Importa\u00e7\u00e3o | Link Certificado Digital<\/title>\n<meta name=\"description\" content=\"Sua empresa ter\u00e1 muito mais seguran\u00e7a para calcular e emitir as notas fiscais de entrada de produtos importados.\" \/>\n<link rel=\"canonical\" href=\"https:\/\/www.linkcertificacao.com.br\/novo\/emissor-nf-e-importacao\/\" \/>\n<meta property=\"og:locale\" content=\"pt_BR\" \/>\n<meta property=\"og:type\" content=\"article\" \/>\n<meta property=\"og:title\" content=\"Emissor NF-E Importa\u00e7\u00e3o | Link Certificado Digital\" \/>\n<meta property=\"og:description\" content=\"Sua empresa ter\u00e1 muito mais seguran\u00e7a para calcular e emitir as notas fiscais de entrada de produtos importados.\" \/>\n<meta property=\"og:url\" content=\"https:\/\/www.linkcertificacao.com.br\/novo\/emissor-nf-e-importacao\/\" \/>\n<meta property=\"og:site_name\" content=\"Link Certifica\u00e7\u00e3o Digital\" \/>\n<meta property=\"article:publisher\" content=\"https:\/\/www.facebook.com\/linkcertificacao\" \/>\n<meta property=\"article:modified_time\" content=\"2020-05-19T20:12:08+00:00\" \/>\n<meta property=\"og:image\" content=\"https:\/\/www.linkcertificacao.com.br\/novo\/wp-content\/uploads\/2020\/03\/Emissor_NF-E_Importacao_link_certificado.jpg\" \/>\n\t<meta property=\"og:image:width\" content=\"1440\" \/>\n\t<meta property=\"og:image:height\" content=\"466\" \/>\n<meta name=\"twitter:card\" content=\"summary_large_image\" \/>\n<meta name=\"twitter:site\" content=\"@linkcertificado\" \/>\n<script type=\"application\/ld+json\" class=\"yoast-schema-graph\">{\"@context\":\"https:\/\/schema.org\",\"@graph\":[{\"@type\":\"WebSite\",\"@id\":\"https:\/\/www.linkcertificacao.com.br\/novo\/#website\",\"url\":\"https:\/\/www.linkcertificacao.com.br\/novo\/\",\"name\":\"Link Certifica\\u00e7\\u00e3o Digital\",\"description\":\"Seu Certificado Digital com uma das maiores Autoridades Certificadoras do pa\\u00eds\",\"potentialAction\":[{\"@type\":\"SearchAction\",\"target\":\"https:\/\/www.linkcertificacao.com.br\/novo\/?s={search_term_string}\",\"query-input\":\"required name=search_term_string\"}],\"inLanguage\":\"pt-BR\"},{\"@type\":\"ImageObject\",\"@id\":\"https:\/\/www.linkcertificacao.com.br\/novo\/emissor-nf-e-importacao\/#primaryimage\",\"inLanguage\":\"pt-BR\",\"url\":\"https:\/\/www.linkcertificacao.com.br\/novo\/wp-content\/uploads\/2020\/03\/Emissor_NF-E_Importacao_link_certificado.jpg\",\"contentUrl\":\"https:\/\/www.linkcertificacao.com.br\/novo\/wp-content\/uploads\/2020\/03\/Emissor_NF-E_Importacao_link_certificado.jpg\",\"width\":1440,\"height\":466},{\"@type\":\"WebPage\",\"@id\":\"https:\/\/www.linkcertificacao.com.br\/novo\/emissor-nf-e-importacao\/#webpage\",\"url\":\"https:\/\/www.linkcertificacao.com.br\/novo\/emissor-nf-e-importacao\/\",\"name\":\"Emissor NF-E Importa\\u00e7\\u00e3o | Link Certificado Digital\",\"isPartOf\":{\"@id\":\"https:\/\/www.linkcertificacao.com.br\/novo\/#website\"},\"primaryImageOfPage\":{\"@id\":\"https:\/\/www.linkcertificacao.com.br\/novo\/emissor-nf-e-importacao\/#primaryimage\"},\"datePublished\":\"2019-11-18T14:52:17+00:00\",\"dateModified\":\"2020-05-19T20:12:08+00:00\",\"description\":\"Sua empresa ter\\u00e1 muito mais seguran\\u00e7a para calcular e emitir as notas fiscais de entrada de produtos importados.\",\"breadcrumb\":{\"@id\":\"https:\/\/www.linkcertificacao.com.br\/novo\/emissor-nf-e-importacao\/#breadcrumb\"},\"inLanguage\":\"pt-BR\",\"potentialAction\":[{\"@type\":\"ReadAction\",\"target\":[\"https:\/\/www.linkcertificacao.com.br\/novo\/emissor-nf-e-importacao\/\"]}]},{\"@type\":\"BreadcrumbList\",\"@id\":\"https:\/\/www.linkcertificacao.com.br\/novo\/emissor-nf-e-importacao\/#breadcrumb\",\"itemListElement\":[{\"@type\":\"ListItem\",\"position\":1,\"item\":{\"@type\":\"WebPage\",\"@id\":\"https:\/\/www.linkcertificacao.com.br\/novo\/\",\"url\":\"https:\/\/www.linkcertificacao.com.br\/novo\/\",\"name\":\"In\\u00edcio\"}},{\"@type\":\"ListItem\",\"position\":2,\"item\":{\"@type\":\"WebPage\",\"@id\":\"https:\/\/www.linkcertificacao.com.br\/novo\/emissor-nf-e-importacao\/\",\"url\":\"https:\/\/www.linkcertificacao.com.br\/novo\/emissor-nf-e-importacao\/\",\"name\":\"Emissor NF-e Importa\\u00e7\\u00e3o\"}}]}]}<\/script>\n<!-- \/ Yoast SEO plugin. -->","_links":{"self":[{"href":"https:\/\/www.linkcertificacao.com.br\/novo\/wp-json\/wp\/v2\/pages\/36"}],"collection":[{"href":"https:\/\/www.linkcertificacao.com.br\/novo\/wp-json\/wp\/v2\/pages"}],"about":[{"href":"https:\/\/www.linkcertificacao.com.br\/novo\/wp-json\/wp\/v2\/types\/page"}],"author":[{"embeddable":true,"href":"https:\/\/www.linkcertificacao.com.br\/novo\/wp-json\/wp\/v2\/users\/1"}],"replies":[{"embeddable":true,"href":"https:\/\/www.linkcertificacao.com.br\/novo\/wp-json\/wp\/v2\/comments?post=36"}],"version-history":[{"count":25,"href":"https:\/\/www.linkcertificacao.com.br\/novo\/wp-json\/wp\/v2\/pages\/36\/revisions"}],"predecessor-version":[{"id":6054,"href":"https:\/\/www.linkcertificacao.com.br\/novo\/wp-json\/wp\/v2\/pages\/36\/revisions\/6054"}],"wp:featuredmedia":[{"embeddable":true,"href":"https:\/\/www.linkcertificacao.com.br\/novo\/wp-json\/wp\/v2\/media\/3599"}],"wp:attachment":[{"href":"https:\/\/www.linkcertificacao.com.br\/novo\/wp-json\/wp\/v2\/media?parent=36"}],"curies":[{"name":"wp","href":"https:\/\/api.w.org\/{rel}","templated":true}]}}