{"id":8,"date":"2019-11-18T12:46:27","date_gmt":"2019-11-18T15:46:27","guid":{"rendered":"http:\/\/dev.link\/?page_id=8"},"modified":"2020-03-13T15:30:45","modified_gmt":"2020-03-13T18:30:45","slug":"fale-conosco","status":"publish","type":"page","link":"https:\/\/www.linkcertificacao.com.br\/novo\/contato\/fale-conosco\/","title":{"rendered":"Fale Conosco"},"content":{"rendered":"","protected":false},"excerpt":{"rendered":"<p> [&#8230;]<\/p>\n<p><a class=\"btn btn-secondary understrap-read-more-link\" href=\"https:\/\/www.linkcertificacao.com.br\/novo\/contato\/fale-conosco\/\">Leia mais&#8230;<\/a><\/p>\n","protected":false},"author":1,"featured_media":3512,"parent":3394,"menu_order":0,"comment_status":"closed","ping_status":"closed","template":"templates-pages\/template-contatoFaleConosco.php","meta":[],"yoast_head":"<!-- This site is optimized with the Yoast SEO plugin v16.1.1 - https:\/\/yoast.com\/wordpress\/plugins\/seo\/ -->\n<title>Entre em contato conosco | Link Certificado Digital<\/title>\n<meta name=\"description\" content=\"D\u00favidas sobre certificados digitais? Entre em contato conosco, a Link Certificado Digital \u00e9 uma das maiores Autoridades Certificadoras do pa\u00eds.\" \/>\n<link rel=\"canonical\" href=\"https:\/\/www.linkcertificacao.com.br\/novo\/contato\/fale-conosco\/\" \/>\n<meta property=\"og:locale\" content=\"pt_BR\" \/>\n<meta property=\"og:type\" content=\"article\" \/>\n<meta property=\"og:title\" content=\"Entre em contato conosco | Link Certificado Digital\" \/>\n<meta property=\"og:description\" content=\"D\u00favidas sobre certificados digitais? Entre em contato conosco, a Link Certificado Digital \u00e9 uma das maiores Autoridades Certificadoras do pa\u00eds.\" \/>\n<meta property=\"og:url\" content=\"https:\/\/www.linkcertificacao.com.br\/novo\/contato\/fale-conosco\/\" \/>\n<meta property=\"og:site_name\" content=\"Link Certifica\u00e7\u00e3o Digital\" \/>\n<meta property=\"article:publisher\" content=\"https:\/\/www.facebook.com\/linkcertificacao\" \/>\n<meta property=\"article:modified_time\" content=\"2020-03-13T18:30:45+00:00\" \/>\n<meta property=\"og:image\" content=\"https:\/\/www.linkcertificacao.com.br\/novo\/wp-content\/uploads\/2020\/03\/businessman-typing-on-keyboard-closeup-DN25LJK-1-min-1.jpg\" \/>\n\t<meta property=\"og:image:width\" content=\"1440\" \/>\n\t<meta property=\"og:image:height\" content=\"466\" \/>\n<meta name=\"twitter:card\" content=\"summary_large_image\" \/>\n<meta name=\"twitter:site\" content=\"@linkcertificado\" \/>\n<script type=\"application\/ld+json\" class=\"yoast-schema-graph\">{\"@context\":\"https:\/\/schema.org\",\"@graph\":[{\"@type\":\"WebSite\",\"@id\":\"https:\/\/www.linkcertificacao.com.br\/novo\/#website\",\"url\":\"https:\/\/www.linkcertificacao.com.br\/novo\/\",\"name\":\"Link Certifica\\u00e7\\u00e3o Digital\",\"description\":\"Seu Certificado Digital com uma das maiores Autoridades Certificadoras do pa\\u00eds\",\"potentialAction\":[{\"@type\":\"SearchAction\",\"target\":\"https:\/\/www.linkcertificacao.com.br\/novo\/?s={search_term_string}\",\"query-input\":\"required name=search_term_string\"}],\"inLanguage\":\"pt-BR\"},{\"@type\":\"ImageObject\",\"@id\":\"https:\/\/www.linkcertificacao.com.br\/novo\/contato\/fale-conosco\/#primaryimage\",\"inLanguage\":\"pt-BR\",\"url\":\"https:\/\/www.linkcertificacao.com.br\/novo\/wp-content\/uploads\/2020\/03\/businessman-typing-on-keyboard-closeup-DN25LJK-1-min-1.jpg\",\"contentUrl\":\"https:\/\/www.linkcertificacao.com.br\/novo\/wp-content\/uploads\/2020\/03\/businessman-typing-on-keyboard-closeup-DN25LJK-1-min-1.jpg\",\"width\":1440,\"height\":466},{\"@type\":\"WebPage\",\"@id\":\"https:\/\/www.linkcertificacao.com.br\/novo\/contato\/fale-conosco\/#webpage\",\"url\":\"https:\/\/www.linkcertificacao.com.br\/novo\/contato\/fale-conosco\/\",\"name\":\"Entre em contato conosco | Link Certificado Digital\",\"isPartOf\":{\"@id\":\"https:\/\/www.linkcertificacao.com.br\/novo\/#website\"},\"primaryImageOfPage\":{\"@id\":\"https:\/\/www.linkcertificacao.com.br\/novo\/contato\/fale-conosco\/#primaryimage\"},\"datePublished\":\"2019-11-18T15:46:27+00:00\",\"dateModified\":\"2020-03-13T18:30:45+00:00\",\"description\":\"D\\u00favidas sobre certificados digitais? Entre em contato conosco, a Link Certificado Digital \\u00e9 uma das maiores Autoridades Certificadoras do pa\\u00eds.\",\"breadcrumb\":{\"@id\":\"https:\/\/www.linkcertificacao.com.br\/novo\/contato\/fale-conosco\/#breadcrumb\"},\"inLanguage\":\"pt-BR\",\"potentialAction\":[{\"@type\":\"ReadAction\",\"target\":[\"https:\/\/www.linkcertificacao.com.br\/novo\/contato\/fale-conosco\/\"]}]},{\"@type\":\"BreadcrumbList\",\"@id\":\"https:\/\/www.linkcertificacao.com.br\/novo\/contato\/fale-conosco\/#breadcrumb\",\"itemListElement\":[{\"@type\":\"ListItem\",\"position\":1,\"item\":{\"@type\":\"WebPage\",\"@id\":\"https:\/\/www.linkcertificacao.com.br\/novo\/\",\"url\":\"https:\/\/www.linkcertificacao.com.br\/novo\/\",\"name\":\"In\\u00edcio\"}},{\"@type\":\"ListItem\",\"position\":2,\"item\":{\"@type\":\"WebPage\",\"@id\":\"https:\/\/www.linkcertificacao.com.br\/novo\/contato\/\",\"url\":\"https:\/\/www.linkcertificacao.com.br\/novo\/contato\/\",\"name\":\"Contato\"}},{\"@type\":\"ListItem\",\"position\":3,\"item\":{\"@type\":\"WebPage\",\"@id\":\"https:\/\/www.linkcertificacao.com.br\/novo\/contato\/fale-conosco\/\",\"url\":\"https:\/\/www.linkcertificacao.com.br\/novo\/contato\/fale-conosco\/\",\"name\":\"Fale Conosco\"}}]}]}<\/script>\n<!-- \/ Yoast SEO plugin. -->","_links":{"self":[{"href":"https:\/\/www.linkcertificacao.com.br\/novo\/wp-json\/wp\/v2\/pages\/8"}],"collection":[{"href":"https:\/\/www.linkcertificacao.com.br\/novo\/wp-json\/wp\/v2\/pages"}],"about":[{"href":"https:\/\/www.linkcertificacao.com.br\/novo\/wp-json\/wp\/v2\/types\/page"}],"author":[{"embeddable":true,"href":"https:\/\/www.linkcertificacao.com.br\/novo\/wp-json\/wp\/v2\/users\/1"}],"replies":[{"embeddable":true,"href":"https:\/\/www.linkcertificacao.com.br\/novo\/wp-json\/wp\/v2\/comments?post=8"}],"version-history":[{"count":5,"href":"https:\/\/www.linkcertificacao.com.br\/novo\/wp-json\/wp\/v2\/pages\/8\/revisions"}],"predecessor-version":[{"id":5070,"href":"https:\/\/www.linkcertificacao.com.br\/novo\/wp-json\/wp\/v2\/pages\/8\/revisions\/5070"}],"up":[{"embeddable":true,"href":"https:\/\/www.linkcertificacao.com.br\/novo\/wp-json\/wp\/v2\/pages\/3394"}],"wp:featuredmedia":[{"embeddable":true,"href":"https:\/\/www.linkcertificacao.com.br\/novo\/wp-json\/wp\/v2\/media\/3512"}],"wp:attachment":[{"href":"https:\/\/www.linkcertificacao.com.br\/novo\/wp-json\/wp\/v2\/media?parent=8"}],"curies":[{"name":"wp","href":"https:\/\/api.w.org\/{rel}","templated":true}]}}