{"id":9959,"date":"2020-12-07T17:23:43","date_gmt":"2020-12-07T20:23:43","guid":{"rendered":"https:\/\/www.linkcertificacao.com.br\/videoconferencia-e-cpf-copy\/"},"modified":"2021-04-20T08:26:03","modified_gmt":"2021-04-20T11:26:03","slug":"videoconferencia-link-id","status":"publish","type":"page","link":"https:\/\/www.linkcertificacao.com.br\/novo\/videoconferencia-link-id\/","title":{"rendered":"Videoconfer\u00eancia Link ID"},"content":{"rendered":"","protected":false},"excerpt":{"rendered":"<p> [&#8230;]<\/p>\n<p><a class=\"btn btn-secondary understrap-read-more-link\" href=\"https:\/\/www.linkcertificacao.com.br\/novo\/videoconferencia-link-id\/\">Leia mais&#8230;<\/a><\/p>\n","protected":false},"author":1,"featured_media":9905,"parent":0,"menu_order":0,"comment_status":"closed","ping_status":"closed","template":"templates-pages\/template-videoconferencia-cnh.php","meta":[],"yoast_head":"<!-- This site is optimized with the Yoast SEO plugin v16.1.1 - https:\/\/yoast.com\/wordpress\/plugins\/seo\/ -->\n<title>Videoconfer\u00eancia Link ID - Link Certifica\u00e7\u00e3o Digital<\/title>\n<link rel=\"canonical\" href=\"https:\/\/www.linkcertificacao.com.br\/novo\/videoconferencia-link-id\/\" \/>\n<meta property=\"og:locale\" content=\"pt_BR\" \/>\n<meta property=\"og:type\" content=\"article\" \/>\n<meta property=\"og:title\" content=\"Videoconfer\u00eancia Link ID - Link Certifica\u00e7\u00e3o Digital\" \/>\n<meta property=\"og:description\" content=\"[...]Leia mais...\" \/>\n<meta property=\"og:url\" content=\"https:\/\/www.linkcertificacao.com.br\/novo\/videoconferencia-link-id\/\" \/>\n<meta property=\"og:site_name\" content=\"Link Certifica\u00e7\u00e3o Digital\" \/>\n<meta property=\"article:publisher\" content=\"https:\/\/www.facebook.com\/linkcertificacao\" \/>\n<meta property=\"article:modified_time\" content=\"2021-04-20T11:26:03+00:00\" \/>\n<meta property=\"og:image\" content=\"https:\/\/www.linkcertificacao.com.br\/novo\/wp-content\/uploads\/2020\/12\/foto-video-conf-nov.jpg\" \/>\n\t<meta property=\"og:image:width\" content=\"1440\" \/>\n\t<meta property=\"og:image:height\" content=\"466\" \/>\n<meta name=\"twitter:card\" content=\"summary_large_image\" \/>\n<meta name=\"twitter:site\" content=\"@linkcertificado\" \/>\n<script type=\"application\/ld+json\" class=\"yoast-schema-graph\">{\"@context\":\"https:\/\/schema.org\",\"@graph\":[{\"@type\":\"WebSite\",\"@id\":\"https:\/\/www.linkcertificacao.com.br\/novo\/#website\",\"url\":\"https:\/\/www.linkcertificacao.com.br\/novo\/\",\"name\":\"Link Certifica\\u00e7\\u00e3o Digital\",\"description\":\"Seu Certificado Digital com uma das maiores Autoridades Certificadoras do pa\\u00eds\",\"potentialAction\":[{\"@type\":\"SearchAction\",\"target\":\"https:\/\/www.linkcertificacao.com.br\/novo\/?s={search_term_string}\",\"query-input\":\"required name=search_term_string\"}],\"inLanguage\":\"pt-BR\"},{\"@type\":\"ImageObject\",\"@id\":\"https:\/\/www.linkcertificacao.com.br\/novo\/videoconferencia-link-id\/#primaryimage\",\"inLanguage\":\"pt-BR\",\"url\":\"https:\/\/www.linkcertificacao.com.br\/novo\/wp-content\/uploads\/2020\/12\/foto-video-conf-nov.jpg\",\"contentUrl\":\"https:\/\/www.linkcertificacao.com.br\/novo\/wp-content\/uploads\/2020\/12\/foto-video-conf-nov.jpg\",\"width\":1440,\"height\":466},{\"@type\":\"WebPage\",\"@id\":\"https:\/\/www.linkcertificacao.com.br\/novo\/videoconferencia-link-id\/#webpage\",\"url\":\"https:\/\/www.linkcertificacao.com.br\/novo\/videoconferencia-link-id\/\",\"name\":\"Videoconfer\\u00eancia Link ID - Link Certifica\\u00e7\\u00e3o Digital\",\"isPartOf\":{\"@id\":\"https:\/\/www.linkcertificacao.com.br\/novo\/#website\"},\"primaryImageOfPage\":{\"@id\":\"https:\/\/www.linkcertificacao.com.br\/novo\/videoconferencia-link-id\/#primaryimage\"},\"datePublished\":\"2020-12-07T20:23:43+00:00\",\"dateModified\":\"2021-04-20T11:26:03+00:00\",\"breadcrumb\":{\"@id\":\"https:\/\/www.linkcertificacao.com.br\/novo\/videoconferencia-link-id\/#breadcrumb\"},\"inLanguage\":\"pt-BR\",\"potentialAction\":[{\"@type\":\"ReadAction\",\"target\":[\"https:\/\/www.linkcertificacao.com.br\/novo\/videoconferencia-link-id\/\"]}]},{\"@type\":\"BreadcrumbList\",\"@id\":\"https:\/\/www.linkcertificacao.com.br\/novo\/videoconferencia-link-id\/#breadcrumb\",\"itemListElement\":[{\"@type\":\"ListItem\",\"position\":1,\"item\":{\"@type\":\"WebPage\",\"@id\":\"https:\/\/www.linkcertificacao.com.br\/novo\/\",\"url\":\"https:\/\/www.linkcertificacao.com.br\/novo\/\",\"name\":\"In\\u00edcio\"}},{\"@type\":\"ListItem\",\"position\":2,\"item\":{\"@type\":\"WebPage\",\"@id\":\"https:\/\/www.linkcertificacao.com.br\/novo\/videoconferencia-link-id\/\",\"url\":\"https:\/\/www.linkcertificacao.com.br\/novo\/videoconferencia-link-id\/\",\"name\":\"Videoconfer\\u00eancia Link ID\"}}]}]}<\/script>\n<!-- \/ Yoast SEO plugin. -->","_links":{"self":[{"href":"https:\/\/www.linkcertificacao.com.br\/novo\/wp-json\/wp\/v2\/pages\/9959"}],"collection":[{"href":"https:\/\/www.linkcertificacao.com.br\/novo\/wp-json\/wp\/v2\/pages"}],"about":[{"href":"https:\/\/www.linkcertificacao.com.br\/novo\/wp-json\/wp\/v2\/types\/page"}],"author":[{"embeddable":true,"href":"https:\/\/www.linkcertificacao.com.br\/novo\/wp-json\/wp\/v2\/users\/1"}],"replies":[{"embeddable":true,"href":"https:\/\/www.linkcertificacao.com.br\/novo\/wp-json\/wp\/v2\/comments?post=9959"}],"version-history":[{"count":10,"href":"https:\/\/www.linkcertificacao.com.br\/novo\/wp-json\/wp\/v2\/pages\/9959\/revisions"}],"predecessor-version":[{"id":11364,"href":"https:\/\/www.linkcertificacao.com.br\/novo\/wp-json\/wp\/v2\/pages\/9959\/revisions\/11364"}],"wp:featuredmedia":[{"embeddable":true,"href":"https:\/\/www.linkcertificacao.com.br\/novo\/wp-json\/wp\/v2\/media\/9905"}],"wp:attachment":[{"href":"https:\/\/www.linkcertificacao.com.br\/novo\/wp-json\/wp\/v2\/media?parent=9959"}],"curies":[{"name":"wp","href":"https:\/\/api.w.org\/{rel}","templated":true}]}}